{"id":2,"date":"2023-05-23T14:59:13","date_gmt":"2023-05-23T14:59:13","guid":{"rendered":"https:\/\/rovaniemiguides.com\/de\/?page_id=2"},"modified":"2024-04-14T19:44:58","modified_gmt":"2024-04-14T19:44:58","slug":"german-language-landing-page","status":"publish","type":"page","link":"https:\/\/rovaniemiguides.com\/de\/","title":{"rendered":"German Language Landing Page"},"content":{"rendered":"\n<figure class=\"wp-block-image aligncenter size-full is-resized\"><img loading=\"lazy\" decoding=\"async\" width=\"720\" height=\"960\" src=\"https:\/\/rovaniemiguides.com\/de\/wp-content\/uploads\/sites\/4\/2023\/10\/Kaija-at-Homestead-Museum-Rovaniemi-Lapland-Finland.jpg\" alt=\"\" class=\"wp-image-206\" style=\"width:400px\" srcset=\"https:\/\/rovaniemiguides.com\/de\/wp-content\/uploads\/sites\/4\/2023\/10\/Kaija-at-Homestead-Museum-Rovaniemi-Lapland-Finland.jpg 720w, https:\/\/rovaniemiguides.com\/de\/wp-content\/uploads\/sites\/4\/2023\/10\/Kaija-at-Homestead-Museum-Rovaniemi-Lapland-Finland-225x300.jpg 225w\" sizes=\"auto, (max-width: 720px) 100vw, 720px\" \/><\/figure>\n\n\n\n<p><\/p>\n\n\n\n<p>Den Verband der Touristenf\u00fchrer in Rovaniemi gibt es seit 1972. Seitdem bietet dieser Reisenden die M\u00f6glichkeit von gef\u00fchrten touristischen Touren an. Unsere autorisierten Reisef\u00fchrer sind Experten f\u00fcr die hiesige Kultur, Geschichte, Tradition und f\u00fcr relevante kulturelle Sehensw\u00fcrdigkeiten. Unsere Reisef\u00fchrer bieten auch gef\u00fchrte Bustouren in und um Rovaniemi an und informieren Besucher \u00fcber die Umgebung der Stadt, ihre Vergangenheit oder auch \u00fcber aktuelle Entwicklungen. <br><br>Zu den Sehensw\u00fcrdigkeiten, die wir Besuchern gerne zeigen, z\u00e4hlen die Hauptkirche von Rovaniemi mit ihrem beeindruckenden Altarfresko, das Arktikum Museum und das Arctic Science Centre. Weiterhin zeigen wir unseren G\u00e4sten gerne das Wissenschaftszentrum Pilke und das Kulturhaus Korundi. Korundi (wie wir es nennen) ist eine Kombination des hiesigen Kunstmuseums, mit seinen Ausstellungen zeitgen\u00f6ssischer Kunst sowie der hochmodernen Korundi-Konzerthalle, in der das Kammerorchester Lapplands zuhause ist.<br><br>Ein weiteres von uns gern gezeigtes Highlight ist die Architektur von Alvar Aalto. Wir zeigen prominente, von diesem weltber\u00fchmten Architekten, in Rovaniemi verwirklichte Geb\u00e4ude. Rovaniemi geh\u00f6rt zu den St\u00e4dten in Finnland, mit Aalto Geschichte.Wenn Sie in Rovaniemi sind, begleiten unsere Reisef\u00fchrer Sie auch gerne auf Ihrer Tour zum Polarkreis und zu dem dortigen Weihnachtsmanndorf<br><br>Zur Sommerzeit k\u00f6nnen wir gef\u00fchrte Touren auch zum Forstmuseum von Lappland und zum Heimatmuseum von Rovaniemi anbieten. Letzteres ist f\u00fcr seine wundersch\u00f6ne Landschaft und die eindrucksvolle Lage am Ufer des Flusses Kemijoki bekannt.<br><br>Rovaniemi und seine Umgebung sind zeigenswert. Sch\u00f6ne, schroffe und gewundene Flussufer mit D\u00f6rfern, aber nat\u00fcrlich auch der mystische Polarkreis mit dem dort ans\u00e4ssigen Weinachtsmann sind beliebte Ziele au\u00dferhalb des Stadtzentrums. Nicht zu vergessen, die kleine Gemeinde Ranua und der dortige arktische Tierpark sind immer einen Besuch wert. Sie k\u00f6nnen von unseren Rovaniemi-Reiseleitern auch in Kittil\u00e4 sowie im Skigebiet Levi. Fragen Sie nach, wir bieten unsere Dienstleistungen bez\u00fcglich begleiteter Touren auch in Nordfinnland, Schweden und Norwegen an.<br><br>Aber insbesondere w\u00fcrden wir Sie gerne in unserer sch\u00f6nen Stadt begr\u00fc\u00dfen! Unsere Guides werden Ihren Besuch zu etwas Besonderem, einem interessantem und bemerkenswertem Erlebnis machen. Entdecken und erleben Sie einzigartige Aspekte von Rovaniemi, Lappland und Finnland! <\/p>\n\n\n\n<p>Besuchen Sie bitte unsere <a href=\"http:\/\/facebook.com\/Rovaniemen-matkailuoppaat-ry-347592235445885\/\" data-type=\"link\" data-id=\"facebook.com\/Rovaniemen-matkailuoppaat-ry-347592235445885\/\">Facebook-Seite<\/a> und wenden Sie sich an <a href=\"mailto:info.rovaniemiguides@gmail.com\" data-type=\"mailto\" data-id=\"mailto:info.rovaniemiguides@gmail.com\">unseren Reisef\u00fchrerverband, um einen autorisierten Reisef\u00fchrer zu bestellen.<\/a><br><\/p>\n\n\n\n<p>Vorsitzende:<\/p>\n\n\n\n<p>Kati Nivala<\/p>\n","protected":false},"excerpt":{"rendered":"<p>Den Verband der Touristenf\u00fchrer in Rovaniemi gibt es seit 1972. Seitdem bietet dieser Reisenden die M\u00f6glichkeit von gef\u00fchrten touristischen Touren an. Unsere autorisierten Reisef\u00fchrer sind Experten f\u00fcr die hiesige Kultur, Geschichte, Tradition und f\u00fcr relevante kulturelle Sehensw\u00fcrdigkeiten. Unsere Reisef\u00fchrer bieten auch gef\u00fchrte Bustouren in und um Rovaniemi an und informieren Besucher \u00fcber die Umgebung der [&hellip;]<\/p>\n","protected":false},"author":2,"featured_media":0,"parent":0,"menu_order":0,"comment_status":"closed","ping_status":"closed","template":"","meta":{"site-sidebar-layout":"default","site-content-layout":"","ast-site-content-layout":"default","site-content-style":"default","site-sidebar-style":"default","ast-global-header-display":"","ast-banner-title-visibility":"","ast-main-header-display":"","ast-hfb-above-header-display":"","ast-hfb-below-header-display":"","ast-hfb-mobile-header-display":"","site-post-title":"","ast-breadcrumbs-content":"","ast-featured-img":"","footer-sml-layout":"","ast-disable-related-posts":"","theme-transparent-header-meta":"","adv-header-id-meta":"","stick-header-meta":"","header-above-stick-meta":"","header-main-stick-meta":"","header-below-stick-meta":"","astra-migrate-meta-layouts":"default","ast-page-background-enabled":"default","ast-page-background-meta":{"desktop":{"background-color":"var(--ast-global-color-4)","background-image":"","background-repeat":"repeat","background-position":"center center","background-size":"auto","background-attachment":"scroll","background-type":"","background-media":"","overlay-type":"","overlay-color":"","overlay-opacity":"","overlay-gradient":""},"tablet":{"background-color":"","background-image":"","background-repeat":"repeat","background-position":"center center","background-size":"auto","background-attachment":"scroll","background-type":"","background-media":"","overlay-type":"","overlay-color":"","overlay-opacity":"","overlay-gradient":""},"mobile":{"background-color":"","background-image":"","background-repeat":"repeat","background-position":"center center","background-size":"auto","background-attachment":"scroll","background-type":"","background-media":"","overlay-type":"","overlay-color":"","overlay-opacity":"","overlay-gradient":""}},"ast-content-background-meta":{"desktop":{"background-color":"var(--ast-global-color-5)","background-image":"","background-repeat":"repeat","background-position":"center center","background-size":"auto","background-attachment":"scroll","background-type":"","background-media":"","overlay-type":"","overlay-color":"","overlay-opacity":"","overlay-gradient":""},"tablet":{"background-color":"var(--ast-global-color-5)","background-image":"","background-repeat":"repeat","background-position":"center center","background-size":"auto","background-attachment":"scroll","background-type":"","background-media":"","overlay-type":"","overlay-color":"","overlay-opacity":"","overlay-gradient":""},"mobile":{"background-color":"var(--ast-global-color-5)","background-image":"","background-repeat":"repeat","background-position":"center center","background-size":"auto","background-attachment":"scroll","background-type":"","background-media":"","overlay-type":"","overlay-color":"","overlay-opacity":"","overlay-gradient":""}},"footnotes":""},"class_list":["post-2","page","type-page","status-publish","hentry"],"_links":{"self":[{"href":"https:\/\/rovaniemiguides.com\/de\/wp-json\/wp\/v2\/pages\/2","targetHints":{"allow":["GET"]}}],"collection":[{"href":"https:\/\/rovaniemiguides.com\/de\/wp-json\/wp\/v2\/pages"}],"about":[{"href":"https:\/\/rovaniemiguides.com\/de\/wp-json\/wp\/v2\/types\/page"}],"author":[{"embeddable":true,"href":"https:\/\/rovaniemiguides.com\/de\/wp-json\/wp\/v2\/users\/2"}],"replies":[{"embeddable":true,"href":"https:\/\/rovaniemiguides.com\/de\/wp-json\/wp\/v2\/comments?post=2"}],"version-history":[{"count":14,"href":"https:\/\/rovaniemiguides.com\/de\/wp-json\/wp\/v2\/pages\/2\/revisions"}],"predecessor-version":[{"id":215,"href":"https:\/\/rovaniemiguides.com\/de\/wp-json\/wp\/v2\/pages\/2\/revisions\/215"}],"wp:attachment":[{"href":"https:\/\/rovaniemiguides.com\/de\/wp-json\/wp\/v2\/media?parent=2"}],"curies":[{"name":"wp","href":"https:\/\/api.w.org\/{rel}","templated":true}]}}