{"id":95,"date":"2023-10-03T11:34:17","date_gmt":"2023-10-03T11:34:17","guid":{"rendered":"https:\/\/rovaniemiguides.com\/de\/?page_id=95"},"modified":"2023-10-03T11:37:51","modified_gmt":"2023-10-03T11:37:51","slug":"privatsphare-und-datenschutz","status":"publish","type":"page","link":"https:\/\/rovaniemiguides.com\/de\/privatsphare-und-datenschutz\/","title":{"rendered":"Privatsph\u00e4re und Datenschutz"},"content":{"rendered":"\n<p>Die Datenschutzrichtlinie zu www.rovaniemiguides.com, wurde zuletzt aktualisiert am 03.10.2023<br><br><\/p>\n\n\n\n<p>Der Server, auf dem die Website gehostet wird ist <a href=\"https:\/\/www.orangewebsite.com\/green-hosting.php\" data-type=\"link\" data-id=\"https:\/\/www.orangewebsite.com\/green-hosting.php\">Orange Website<\/a> (externer Link) in <a href=\"https:\/\/en.wikipedia.org\/wiki\/Internet_in_Iceland\" data-type=\"link\" data-id=\"https:\/\/en.wikipedia.org\/wiki\/Internet_in_Iceland\">Island <\/a>(externer Link). Der Server nutzt nat\u00fcrliche Energie. Diese Website wurde mit <a href=\"https:\/\/en.wikipedia.org\/wiki\/WordPress\" data-type=\"link\" data-id=\"https:\/\/en.wikipedia.org\/wiki\/WordPress\">wordpress.org<\/a> (externer Link) erstellt. Die Website nutzt das <a href=\"https:\/\/wpastra.com\/themes\/wiki-wordpress-themes\/\" data-type=\"link\" data-id=\"https:\/\/wpastra.com\/themes\/wiki-wordpress-themes\/\">WordPress-Theme Astra<\/a>. (Externer Link).<br><br><\/p>\n\n\n\n<p>Diese Website enth\u00e4lt keine Cookies und wir sammeln keine Daten von unseren Website-Besuchern.<\/p>\n\n\n\n<p><br>Diese Website wird von Frank, einem in Rovaniemi t\u00e4tigen Reisef\u00fchrer, gepflegt. F\u00fcr ein Feedback zu unserer Website sind wir immer offen. Sollten Sie eine m\u00f6gliche Sicherheitsl\u00fccke festgestellt haben, freuen wir uns \u00fcber eine <a href=\"https:\/\/afrankidea.com\/contact\/\" data-type=\"link\" data-id=\"https:\/\/afrankidea.com\/contact\/\">Kontaktaufnahme<\/a> mit Frank.<\/p>\n\n\n\n<p><\/p>\n","protected":false},"excerpt":{"rendered":"<p>Die Datenschutzrichtlinie zu www.rovaniemiguides.com, wurde zuletzt aktualisiert am 03.10.2023 Der Server, auf dem die Website gehostet wird ist Orange Website (externer Link) in Island (externer Link). Der Server nutzt nat\u00fcrliche Energie. Diese Website wurde mit wordpress.org (externer Link) erstellt. Die Website nutzt das WordPress-Theme Astra. (Externer Link). Diese Website enth\u00e4lt keine Cookies und wir sammeln [&hellip;]<\/p>\n","protected":false},"author":1,"featured_media":0,"parent":0,"menu_order":0,"comment_status":"closed","ping_status":"closed","template":"","meta":{"site-sidebar-layout":"default","site-content-layout":"","ast-site-content-layout":"default","site-content-style":"default","site-sidebar-style":"default","ast-global-header-display":"","ast-banner-title-visibility":"","ast-main-header-display":"","ast-hfb-above-header-display":"","ast-hfb-below-header-display":"","ast-hfb-mobile-header-display":"","site-post-title":"disabled","ast-breadcrumbs-content":"","ast-featured-img":"","footer-sml-layout":"","ast-disable-related-posts":"","theme-transparent-header-meta":"","adv-header-id-meta":"","stick-header-meta":"","header-above-stick-meta":"","header-main-stick-meta":"","header-below-stick-meta":"","astra-migrate-meta-layouts":"","ast-page-background-enabled":"default","ast-page-background-meta":{"desktop":{"background-color":"var(--ast-global-color-4)","background-image":"","background-repeat":"repeat","background-position":"center center","background-size":"auto","background-attachment":"scroll","background-type":"","background-media":"","overlay-type":"","overlay-color":"","overlay-opacity":"","overlay-gradient":""},"tablet":{"background-color":"","background-image":"","background-repeat":"repeat","background-position":"center center","background-size":"auto","background-attachment":"scroll","background-type":"","background-media":"","overlay-type":"","overlay-color":"","overlay-opacity":"","overlay-gradient":""},"mobile":{"background-color":"","background-image":"","background-repeat":"repeat","background-position":"center center","background-size":"auto","background-attachment":"scroll","background-type":"","background-media":"","overlay-type":"","overlay-color":"","overlay-opacity":"","overlay-gradient":""}},"ast-content-background-meta":{"desktop":{"background-color":"var(--ast-global-color-5)","background-image":"","background-repeat":"repeat","background-position":"center center","background-size":"auto","background-attachment":"scroll","background-type":"","background-media":"","overlay-type":"","overlay-color":"","overlay-opacity":"","overlay-gradient":""},"tablet":{"background-color":"var(--ast-global-color-5)","background-image":"","background-repeat":"repeat","background-position":"center center","background-size":"auto","background-attachment":"scroll","background-type":"","background-media":"","overlay-type":"","overlay-color":"","overlay-opacity":"","overlay-gradient":""},"mobile":{"background-color":"var(--ast-global-color-5)","background-image":"","background-repeat":"repeat","background-position":"center center","background-size":"auto","background-attachment":"scroll","background-type":"","background-media":"","overlay-type":"","overlay-color":"","overlay-opacity":"","overlay-gradient":""}},"footnotes":""},"class_list":["post-95","page","type-page","status-publish","hentry"],"_links":{"self":[{"href":"https:\/\/rovaniemiguides.com\/de\/wp-json\/wp\/v2\/pages\/95","targetHints":{"allow":["GET"]}}],"collection":[{"href":"https:\/\/rovaniemiguides.com\/de\/wp-json\/wp\/v2\/pages"}],"about":[{"href":"https:\/\/rovaniemiguides.com\/de\/wp-json\/wp\/v2\/types\/page"}],"author":[{"embeddable":true,"href":"https:\/\/rovaniemiguides.com\/de\/wp-json\/wp\/v2\/users\/1"}],"replies":[{"embeddable":true,"href":"https:\/\/rovaniemiguides.com\/de\/wp-json\/wp\/v2\/comments?post=95"}],"version-history":[{"count":2,"href":"https:\/\/rovaniemiguides.com\/de\/wp-json\/wp\/v2\/pages\/95\/revisions"}],"predecessor-version":[{"id":99,"href":"https:\/\/rovaniemiguides.com\/de\/wp-json\/wp\/v2\/pages\/95\/revisions\/99"}],"wp:attachment":[{"href":"https:\/\/rovaniemiguides.com\/de\/wp-json\/wp\/v2\/media?parent=95"}],"curies":[{"name":"wp","href":"https:\/\/api.w.org\/{rel}","templated":true}]}}