{"id":93,"date":"2023-10-17T16:46:50","date_gmt":"2023-10-17T16:46:50","guid":{"rendered":"https:\/\/rovaniemiguides.com\/es\/?page_id=93"},"modified":"2023-10-26T18:52:29","modified_gmt":"2023-10-26T18:52:29","slug":"pagina-de-inicio-en-espanol","status":"publish","type":"page","link":"https:\/\/rovaniemiguides.com\/es\/","title":{"rendered":"p\u00e1gina de inicio en espa\u00f1ol"},"content":{"rendered":"\n<figure class=\"wp-block-image aligncenter size-full is-resized\"><img loading=\"lazy\" decoding=\"async\" width=\"720\" height=\"960\" src=\"https:\/\/rovaniemiguides.com\/es\/wp-content\/uploads\/sites\/6\/2023\/10\/Kaija-at-Homestead-Museum-Rovaniemi-Lapland-Finland.jpg\" alt=\"\" class=\"wp-image-170\" style=\"width:400px\" srcset=\"https:\/\/rovaniemiguides.com\/es\/wp-content\/uploads\/sites\/6\/2023\/10\/Kaija-at-Homestead-Museum-Rovaniemi-Lapland-Finland.jpg 720w, https:\/\/rovaniemiguides.com\/es\/wp-content\/uploads\/sites\/6\/2023\/10\/Kaija-at-Homestead-Museum-Rovaniemi-Lapland-Finland-225x300.jpg 225w\" sizes=\"auto, (max-width: 720px) 100vw, 720px\" \/><\/figure>\n\n\n\n<p>La Asociaci\u00f3n de los gu\u00edas de Rovaniemi ha guiado turistas y viajeros desde el a\u00f1o 1972. Somos gu\u00edas oficiales especializados en la cultura local, la historia, las tradiciones y los lugares de inter\u00e9s cultural. Por ejemplo, nos encantar\u00e1 mostrarte la iglesia de Rovaniemi con su hermoso fresco detr\u00e1s del altar, el museo provincial de Laponia y el centro de ciencias \u00e1rticas Arktikum, as\u00ed como el centro de ciencias forestales Pilke y la Casa de la Cultura Korundi que alberga el museo de arte contempor\u00e1neo y una sala de conciertos de alto nivel.&nbsp;<\/p>\n\n\n\n<p>Rovaniemi es tambi\u00e9n una de las ciudades finlandesas que cuenta con diversas obras dise\u00f1adas por Alvar Aalto, uno de los arquitectos m\u00e1s famosos de Finlandia. Los espectaculares edificios p\u00fablicos dise\u00f1ados por este arquitecto finland\u00e9s forman parte del recorrido habitual de todos los gu\u00edas de Rovaniemi.&nbsp;<\/p>\n\n\n\n<p>Tambi\u00e9n puedes pedir a nuestros gu\u00edas que te acompa\u00f1en al C\u00edrculo Polar \u00c1rctico y al pueblo de Pap\u00e1 Noel o a otros lugares de inter\u00e9s tur\u00edstico como el Museo Forestal de Laponia y el Museo del Patrimonio Local de Rovaniemi.&nbsp;&nbsp;<\/p>\n\n\n\n<p>Los gu\u00edas tur\u00edsticos de Rovaniemi tambi\u00e9n operan en Kittil\u00e4 y Levi.\u00a0 Tambi\u00e9n puedes consultarnos sobre el servicio de tour manager cuando planifiques viajes al norte de Finlandia, Suecia o Noruega.\u00a0<\/p>\n\n\n\n<p>\u00a1Te damos la bienvenida a Rovaniemi y Laponia!&nbsp; Los gu\u00edas de Rovaniemi har\u00e1n que tu viaje sea especial y muy interesante. \u00a1Con un gu\u00eda&nbsp;descubrir\u00e1s mucho m\u00e1s!&nbsp;&nbsp;<\/p>\n\n\n\n<p><a href=\"https:\/\/www.facebook.com\/people\/Rovaniemen-matkailuoppaat-ry\/100065001151612\/\">nuestra pagina de facebook<\/a><\/p>\n\n\n\n<p><a href=\"https:\/\/rovaniemiguides.com\/es\/contactanos\/\">\u00a1cont\u00e1ctanos!&nbsp;<\/a><\/p>\n\n\n\n<p><a rel=\"noreferrer noopener\" href=\"mailto:info.rovaniemiguides@gmail.com\" target=\"_blank\">info.rovaniemiguides@gmail.com<\/a><\/p>\n\n\n\n<p><a href=\"tel:+358406847354\">+358406847354<\/a><\/p>\n\n\n\n<p><\/p>\n","protected":false},"excerpt":{"rendered":"<p>La Asociaci\u00f3n de los gu\u00edas de Rovaniemi ha guiado turistas y viajeros desde el a\u00f1o 1972. Somos gu\u00edas oficiales especializados en la cultura local, la historia, las tradiciones y los lugares de inter\u00e9s cultural. Por ejemplo, nos encantar\u00e1 mostrarte la iglesia de Rovaniemi con su hermoso fresco detr\u00e1s del altar, el museo provincial de Laponia [&hellip;]<\/p>\n","protected":false},"author":1,"featured_media":0,"parent":0,"menu_order":0,"comment_status":"closed","ping_status":"closed","template":"","meta":{"site-sidebar-layout":"default","site-content-layout":"","ast-site-content-layout":"default","site-content-style":"default","site-sidebar-style":"default","ast-global-header-display":"","ast-banner-title-visibility":"","ast-main-header-display":"","ast-hfb-above-header-display":"","ast-hfb-below-header-display":"","ast-hfb-mobile-header-display":"","site-post-title":"disabled","ast-breadcrumbs-content":"","ast-featured-img":"","footer-sml-layout":"","ast-disable-related-posts":"","theme-transparent-header-meta":"","adv-header-id-meta":"","stick-header-meta":"","header-above-stick-meta":"","header-main-stick-meta":"","header-below-stick-meta":"","astra-migrate-meta-layouts":"","ast-page-background-enabled":"default","ast-page-background-meta":{"desktop":{"background-color":"var(--ast-global-color-4)","background-image":"","background-repeat":"repeat","background-position":"center center","background-size":"auto","background-attachment":"scroll","background-type":"","background-media":"","overlay-type":"","overlay-color":"","overlay-opacity":"","overlay-gradient":""},"tablet":{"background-color":"","background-image":"","background-repeat":"repeat","background-position":"center center","background-size":"auto","background-attachment":"scroll","background-type":"","background-media":"","overlay-type":"","overlay-color":"","overlay-opacity":"","overlay-gradient":""},"mobile":{"background-color":"","background-image":"","background-repeat":"repeat","background-position":"center center","background-size":"auto","background-attachment":"scroll","background-type":"","background-media":"","overlay-type":"","overlay-color":"","overlay-opacity":"","overlay-gradient":""}},"ast-content-background-meta":{"desktop":{"background-color":"var(--ast-global-color-5)","background-image":"","background-repeat":"repeat","background-position":"center center","background-size":"auto","background-attachment":"scroll","background-type":"","background-media":"","overlay-type":"","overlay-color":"","overlay-opacity":"","overlay-gradient":""},"tablet":{"background-color":"var(--ast-global-color-5)","background-image":"","background-repeat":"repeat","background-position":"center center","background-size":"auto","background-attachment":"scroll","background-type":"","background-media":"","overlay-type":"","overlay-color":"","overlay-opacity":"","overlay-gradient":""},"mobile":{"background-color":"var(--ast-global-color-5)","background-image":"","background-repeat":"repeat","background-position":"center center","background-size":"auto","background-attachment":"scroll","background-type":"","background-media":"","overlay-type":"","overlay-color":"","overlay-opacity":"","overlay-gradient":""}},"footnotes":""},"class_list":["post-93","page","type-page","status-publish","hentry"],"_links":{"self":[{"href":"https:\/\/rovaniemiguides.com\/es\/wp-json\/wp\/v2\/pages\/93","targetHints":{"allow":["GET"]}}],"collection":[{"href":"https:\/\/rovaniemiguides.com\/es\/wp-json\/wp\/v2\/pages"}],"about":[{"href":"https:\/\/rovaniemiguides.com\/es\/wp-json\/wp\/v2\/types\/page"}],"author":[{"embeddable":true,"href":"https:\/\/rovaniemiguides.com\/es\/wp-json\/wp\/v2\/users\/1"}],"replies":[{"embeddable":true,"href":"https:\/\/rovaniemiguides.com\/es\/wp-json\/wp\/v2\/comments?post=93"}],"version-history":[{"count":8,"href":"https:\/\/rovaniemiguides.com\/es\/wp-json\/wp\/v2\/pages\/93\/revisions"}],"predecessor-version":[{"id":183,"href":"https:\/\/rovaniemiguides.com\/es\/wp-json\/wp\/v2\/pages\/93\/revisions\/183"}],"wp:attachment":[{"href":"https:\/\/rovaniemiguides.com\/es\/wp-json\/wp\/v2\/media?parent=93"}],"curies":[{"name":"wp","href":"https:\/\/api.w.org\/{rel}","templated":true}]}}