{"id":2,"date":"2023-05-29T09:14:19","date_gmt":"2023-05-29T09:14:19","guid":{"rendered":"https:\/\/rovaniemiguides.com\/fi\/?page_id=2"},"modified":"2026-04-28T10:13:07","modified_gmt":"2026-04-28T10:13:07","slug":"sample-page","status":"publish","type":"page","link":"https:\/\/rovaniemiguides.com\/fi\/","title":{"rendered":"Landing Page Finnish"},"content":{"rendered":"\n<p class=\"has-text-align-center has-medium-font-size\"><strong>Rovaniemen Matkailuoppaat ry sai kunnian vastaanottaa Rovaniemen kaupungin kulttuuripalkinnon 2025.<\/strong><br><\/p>\n\n\n\n<figure class=\"wp-block-image aligncenter size-large\"><img loading=\"lazy\" decoding=\"async\" width=\"793\" height=\"1024\" src=\"https:\/\/rovaniemiguides.com\/fi\/wp-content\/uploads\/sites\/5\/2026\/04\/1000089819-793x1024.jpg\" alt=\"\" class=\"wp-image-578\" srcset=\"https:\/\/rovaniemiguides.com\/fi\/wp-content\/uploads\/sites\/5\/2026\/04\/1000089819-793x1024.jpg 793w, https:\/\/rovaniemiguides.com\/fi\/wp-content\/uploads\/sites\/5\/2026\/04\/1000089819-232x300.jpg 232w, https:\/\/rovaniemiguides.com\/fi\/wp-content\/uploads\/sites\/5\/2026\/04\/1000089819-768x991.jpg 768w, https:\/\/rovaniemiguides.com\/fi\/wp-content\/uploads\/sites\/5\/2026\/04\/1000089819.jpg 1018w\" sizes=\"auto, (max-width: 793px) 100vw, 793px\" \/><\/figure>\n\n\n\n<p><\/p>\n\n\n\n<p><\/p>\n\n\n\n<p><\/p>\n\n\n\n<figure class=\"wp-block-image aligncenter size-large is-resized\"><img loading=\"lazy\" decoding=\"async\" width=\"770\" height=\"1024\" src=\"https:\/\/rovaniemiguides.com\/fi\/wp-content\/uploads\/sites\/5\/2023\/10\/Bus-Guiding-Rovaniemi-Lapland-Finland-Arctic-770x1024.jpg\" alt=\"\" class=\"wp-image-299\" style=\"aspect-ratio:0.7519477778366253;width:390px;height:auto\" srcset=\"https:\/\/rovaniemiguides.com\/fi\/wp-content\/uploads\/sites\/5\/2023\/10\/Bus-Guiding-Rovaniemi-Lapland-Finland-Arctic-770x1024.jpg 770w, https:\/\/rovaniemiguides.com\/fi\/wp-content\/uploads\/sites\/5\/2023\/10\/Bus-Guiding-Rovaniemi-Lapland-Finland-Arctic-226x300.jpg 226w, https:\/\/rovaniemiguides.com\/fi\/wp-content\/uploads\/sites\/5\/2023\/10\/Bus-Guiding-Rovaniemi-Lapland-Finland-Arctic-scaled.jpg 1925w\" sizes=\"auto, (max-width: 770px) 100vw, 770px\" \/><\/figure>\n\n\n\n<p><\/p>\n\n\n\n<p><\/p>\n\n\n\n<p><strong>Rovaniemen matkailuoppaat<\/strong><\/p>\n\n\n\n<p>Rovaniemen matkailuoppaat ry on tarjonnut opastuksia&nbsp;matkailijoille jo vuodesta 1972 l\u00e4htien. Auktorisoidut oppaamme ovat paikalliskulttuurin, historian, perinteiden ja kulttuurikohteiden asiantuntijoita. Mielell\u00e4mme esittelemme teille esimerkiksi Rovaniemen p\u00e4\u00e4kirkon ja sen vaikuttavan alttaritaulun, Lapin maakuntamuseon ja Arktisen keskuksen tiedekeskuksen Arktikumissa, Pilke- tiedekeskuksen sek\u00e4 Kulttuuritalo Korundin, jossa sijaitsee Rovaniemen taidemuseo ja korkeatasoinen musiikkisali.<\/p>\n\n\n\n<p>Rovaniemi on my\u00f6s yksi Suomen Aalto- kaupungeista. Maailmankuulun arkkitehdin Alvar Aallon suunnittelemat n\u00e4ytt\u00e4v\u00e4t julkiset rakennukset kuuluvat jokaisen rovaniemel\u00e4isen oppaan kaupunkikierrokseen.<\/p>\n\n\n\n<p>Voitte my\u00f6s pyyt\u00e4\u00e4 oppaitamme mukaanne napapiirille ja Joulupukin pajakyl\u00e4\u00e4n tai paikallismuseovierailulle Lapin Mets\u00e4museoon ja Rovaniemen kotiseutumuseoon.<\/p>\n\n\n\n<p>Rovaniemen matkailuoppaat toimivat my\u00f6s Kittil\u00e4ss\u00e4 ja Levill\u00e4. Voitte tiedustella meilt\u00e4 my\u00f6s matkanjohtajan palveluja, kun suunnittelette matkoja Pohjois-Suomeen, -Ruotsiin tai &#8211; Norjaan.<\/p>\n\n\n\n<p>Toivotamme teid\u00e4t tervetulleiksi Rovaniemelle ja Lappiin! Rovaniemen matkailuoppaat tekev\u00e4t matkastanne erityisen ja mielenkiintoisen. Ota opas, koet enemm\u00e4n!&nbsp;<\/p>\n\n\n\n<p>Oppaamme puhuvat seuraavia kieli\u00e4: englanti, suomi, ruotsi, saksa, ranska, espanja, korea ja hollanti.<\/p>\n\n\n\n<p><a href=\"mailto: info.rovaniemiguides@gmail.com\">Ottakaa yhteytt\u00e4 opasyhdistykseemme, kun haluatte auktorisoidun oppaan.<\/a><\/p>\n","protected":false},"excerpt":{"rendered":"<p>Rovaniemen Matkailuoppaat ry sai kunnian vastaanottaa Rovaniemen kaupungin kulttuuripalkinnon 2025. Rovaniemen matkailuoppaat Rovaniemen matkailuoppaat ry on tarjonnut opastuksia&nbsp;matkailijoille jo vuodesta 1972 l\u00e4htien. Auktorisoidut oppaamme ovat paikalliskulttuurin, historian, perinteiden ja kulttuurikohteiden asiantuntijoita. Mielell\u00e4mme esittelemme teille esimerkiksi Rovaniemen p\u00e4\u00e4kirkon ja sen vaikuttavan alttaritaulun, Lapin maakuntamuseon ja Arktisen keskuksen tiedekeskuksen Arktikumissa, Pilke- tiedekeskuksen sek\u00e4 Kulttuuritalo Korundin, jossa sijaitsee [&hellip;]<\/p>\n","protected":false},"author":2,"featured_media":0,"parent":0,"menu_order":0,"comment_status":"closed","ping_status":"open","template":"","meta":{"site-sidebar-layout":"default","site-content-layout":"","ast-site-content-layout":"default","site-content-style":"default","site-sidebar-style":"default","ast-global-header-display":"","ast-banner-title-visibility":"","ast-main-header-display":"","ast-hfb-above-header-display":"","ast-hfb-below-header-display":"","ast-hfb-mobile-header-display":"","site-post-title":"disabled","ast-breadcrumbs-content":"","ast-featured-img":"","footer-sml-layout":"","ast-disable-related-posts":"","theme-transparent-header-meta":"","adv-header-id-meta":"","stick-header-meta":"","header-above-stick-meta":"","header-main-stick-meta":"","header-below-stick-meta":"","astra-migrate-meta-layouts":"set","ast-page-background-enabled":"default","ast-page-background-meta":{"desktop":{"background-color":"var(--ast-global-color-4)","background-image":"","background-repeat":"repeat","background-position":"center center","background-size":"auto","background-attachment":"scroll","background-type":"","background-media":"","overlay-type":"","overlay-color":"","overlay-opacity":"","overlay-gradient":""},"tablet":{"background-color":"","background-image":"","background-repeat":"repeat","background-position":"center center","background-size":"auto","background-attachment":"scroll","background-type":"","background-media":"","overlay-type":"","overlay-color":"","overlay-opacity":"","overlay-gradient":""},"mobile":{"background-color":"","background-image":"","background-repeat":"repeat","background-position":"center center","background-size":"auto","background-attachment":"scroll","background-type":"","background-media":"","overlay-type":"","overlay-color":"","overlay-opacity":"","overlay-gradient":""}},"ast-content-background-meta":{"desktop":{"background-color":"var(--ast-global-color-5)","background-image":"","background-repeat":"repeat","background-position":"center center","background-size":"auto","background-attachment":"scroll","background-type":"","background-media":"","overlay-type":"","overlay-color":"","overlay-opacity":"","overlay-gradient":""},"tablet":{"background-color":"var(--ast-global-color-5)","background-image":"","background-repeat":"repeat","background-position":"center center","background-size":"auto","background-attachment":"scroll","background-type":"","background-media":"","overlay-type":"","overlay-color":"","overlay-opacity":"","overlay-gradient":""},"mobile":{"background-color":"var(--ast-global-color-5)","background-image":"","background-repeat":"repeat","background-position":"center center","background-size":"auto","background-attachment":"scroll","background-type":"","background-media":"","overlay-type":"","overlay-color":"","overlay-opacity":"","overlay-gradient":""}},"footnotes":""},"class_list":["post-2","page","type-page","status-publish","hentry"],"_links":{"self":[{"href":"https:\/\/rovaniemiguides.com\/fi\/wp-json\/wp\/v2\/pages\/2","targetHints":{"allow":["GET"]}}],"collection":[{"href":"https:\/\/rovaniemiguides.com\/fi\/wp-json\/wp\/v2\/pages"}],"about":[{"href":"https:\/\/rovaniemiguides.com\/fi\/wp-json\/wp\/v2\/types\/page"}],"author":[{"embeddable":true,"href":"https:\/\/rovaniemiguides.com\/fi\/wp-json\/wp\/v2\/users\/2"}],"replies":[{"embeddable":true,"href":"https:\/\/rovaniemiguides.com\/fi\/wp-json\/wp\/v2\/comments?post=2"}],"version-history":[{"count":47,"href":"https:\/\/rovaniemiguides.com\/fi\/wp-json\/wp\/v2\/pages\/2\/revisions"}],"predecessor-version":[{"id":583,"href":"https:\/\/rovaniemiguides.com\/fi\/wp-json\/wp\/v2\/pages\/2\/revisions\/583"}],"wp:attachment":[{"href":"https:\/\/rovaniemiguides.com\/fi\/wp-json\/wp\/v2\/media?parent=2"}],"curies":[{"name":"wp","href":"https:\/\/api.w.org\/{rel}","templated":true}]}}