{"id":46,"date":"2023-05-29T10:21:28","date_gmt":"2023-05-29T10:21:28","guid":{"rendered":"https:\/\/rovaniemiguides.com\/fi\/?page_id=46"},"modified":"2023-08-23T14:22:28","modified_gmt":"2023-08-23T14:22:28","slug":"esteeton-matkailu","status":"publish","type":"page","link":"https:\/\/rovaniemiguides.com\/fi\/esteeton-matkailu\/","title":{"rendered":"Esteet\u00f6n matkailu"},"content":{"rendered":"\n<p>Esteet\u00f6n matkailu on t\u00e4rke\u00e4\u00e4 Rovaniemen Matkailuoppaille; oppaamme ovat avoimia ja k\u00e4rsiv\u00e4llisi\u00e4 ja kunnioittavat opastettavia asiakkaitaan.<\/p>\n\n\n\n<p>Pyyd\u00e4mmekin teit\u00e4 ottamaan <a href=\"https:\/\/rovaniemiguides.com\/fi\/yhteystiedot\/\" data-type=\"page\" data-id=\"57\">ajoissa yhteytt\u00e4<\/a>, jotta voimme valmistella ja j\u00e4rjest\u00e4\u00e4 teille onnistuneen opastuksen.<\/p>\n","protected":false},"excerpt":{"rendered":"<p>Esteet\u00f6n matkailu on t\u00e4rke\u00e4\u00e4 Rovaniemen Matkailuoppaille; oppaamme ovat avoimia ja k\u00e4rsiv\u00e4llisi\u00e4 ja kunnioittavat opastettavia asiakkaitaan. Pyyd\u00e4mmekin teit\u00e4 ottamaan ajoissa yhteytt\u00e4, jotta voimme valmistella ja j\u00e4rjest\u00e4\u00e4 teille onnistuneen opastuksen.<\/p>\n","protected":false},"author":1,"featured_media":0,"parent":0,"menu_order":0,"comment_status":"closed","ping_status":"closed","template":"","meta":{"site-sidebar-layout":"default","site-content-layout":"","ast-site-content-layout":"default","site-content-style":"default","site-sidebar-style":"default","ast-global-header-display":"","ast-banner-title-visibility":"","ast-main-header-display":"","ast-hfb-above-header-display":"","ast-hfb-below-header-display":"","ast-hfb-mobile-header-display":"","site-post-title":"disabled","ast-breadcrumbs-content":"","ast-featured-img":"","footer-sml-layout":"","ast-disable-related-posts":"","theme-transparent-header-meta":"","adv-header-id-meta":"","stick-header-meta":"","header-above-stick-meta":"","header-main-stick-meta":"","header-below-stick-meta":"","astra-migrate-meta-layouts":"set","ast-page-background-enabled":"default","ast-page-background-meta":{"desktop":{"background-color":"var(--ast-global-color-4)","background-image":"","background-repeat":"repeat","background-position":"center center","background-size":"auto","background-attachment":"scroll","background-type":"","background-media":"","overlay-type":"","overlay-color":"","overlay-opacity":"","overlay-gradient":""},"tablet":{"background-color":"","background-image":"","background-repeat":"repeat","background-position":"center center","background-size":"auto","background-attachment":"scroll","background-type":"","background-media":"","overlay-type":"","overlay-color":"","overlay-opacity":"","overlay-gradient":""},"mobile":{"background-color":"","background-image":"","background-repeat":"repeat","background-position":"center center","background-size":"auto","background-attachment":"scroll","background-type":"","background-media":"","overlay-type":"","overlay-color":"","overlay-opacity":"","overlay-gradient":""}},"ast-content-background-meta":{"desktop":{"background-color":"var(--ast-global-color-5)","background-image":"","background-repeat":"repeat","background-position":"center center","background-size":"auto","background-attachment":"scroll","background-type":"","background-media":"","overlay-type":"","overlay-color":"","overlay-opacity":"","overlay-gradient":""},"tablet":{"background-color":"var(--ast-global-color-5)","background-image":"","background-repeat":"repeat","background-position":"center center","background-size":"auto","background-attachment":"scroll","background-type":"","background-media":"","overlay-type":"","overlay-color":"","overlay-opacity":"","overlay-gradient":""},"mobile":{"background-color":"var(--ast-global-color-5)","background-image":"","background-repeat":"repeat","background-position":"center center","background-size":"auto","background-attachment":"scroll","background-type":"","background-media":"","overlay-type":"","overlay-color":"","overlay-opacity":"","overlay-gradient":""}},"footnotes":""},"class_list":["post-46","page","type-page","status-publish","hentry"],"_links":{"self":[{"href":"https:\/\/rovaniemiguides.com\/fi\/wp-json\/wp\/v2\/pages\/46","targetHints":{"allow":["GET"]}}],"collection":[{"href":"https:\/\/rovaniemiguides.com\/fi\/wp-json\/wp\/v2\/pages"}],"about":[{"href":"https:\/\/rovaniemiguides.com\/fi\/wp-json\/wp\/v2\/types\/page"}],"author":[{"embeddable":true,"href":"https:\/\/rovaniemiguides.com\/fi\/wp-json\/wp\/v2\/users\/1"}],"replies":[{"embeddable":true,"href":"https:\/\/rovaniemiguides.com\/fi\/wp-json\/wp\/v2\/comments?post=46"}],"version-history":[{"count":4,"href":"https:\/\/rovaniemiguides.com\/fi\/wp-json\/wp\/v2\/pages\/46\/revisions"}],"predecessor-version":[{"id":192,"href":"https:\/\/rovaniemiguides.com\/fi\/wp-json\/wp\/v2\/pages\/46\/revisions\/192"}],"wp:attachment":[{"href":"https:\/\/rovaniemiguides.com\/fi\/wp-json\/wp\/v2\/media?parent=46"}],"curies":[{"name":"wp","href":"https:\/\/api.w.org\/{rel}","templated":true}]}}