{"id":2,"date":"2023-05-30T12:06:57","date_gmt":"2023-05-30T12:06:57","guid":{"rendered":"https:\/\/rovaniemiguides.com\/fr\/?page_id=2"},"modified":"2023-10-31T17:04:08","modified_gmt":"2023-10-31T17:04:08","slug":"landingpagefrench","status":"publish","type":"page","link":"https:\/\/rovaniemiguides.com\/fr\/","title":{"rendered":"Landing Page French"},"content":{"rendered":"\n<figure class=\"wp-block-image aligncenter size-full is-resized\"><img loading=\"lazy\" decoding=\"async\" width=\"720\" height=\"960\" src=\"https:\/\/rovaniemiguides.com\/fr\/wp-content\/uploads\/sites\/8\/2023\/10\/Kaija-at-Homestead-Museum-Rovaniemi-Lapland-Finland.jpg\" alt=\"\" class=\"wp-image-173\" style=\"width:400px\" srcset=\"https:\/\/rovaniemiguides.com\/fr\/wp-content\/uploads\/sites\/8\/2023\/10\/Kaija-at-Homestead-Museum-Rovaniemi-Lapland-Finland.jpg 720w, https:\/\/rovaniemiguides.com\/fr\/wp-content\/uploads\/sites\/8\/2023\/10\/Kaija-at-Homestead-Museum-Rovaniemi-Lapland-Finland-225x300.jpg 225w\" sizes=\"auto, (max-width: 720px) 100vw, 720px\" \/><\/figure>\n\n\n\n<p>Nous vous souhaitons la bienvenue \u00e0 Rovaniemi et en Laponie! Les guides touristiques de Rovaniemi rendront votre voyage autrement sp\u00e9cial et plus int\u00e9ressant. Avec un guide vous d\u00e9couvrirez bien davantage!\u202f&nbsp;<\/p>\n\n\n\n<p>L\u2019Association des guides de Rovaniemi propose des guidages pour les voyageurs depuis 1972. Nos guides sont tous licenci\u00e9s et sont experts en mati\u00e8re de culture locale, en histoire, en traditions et lieux d\u2019int\u00e9r\u00eat culturel. Par exemple, nous sommes heureux de vous montrer l\u2019\u00e9glise principale de Rovaniemi avec son impressionnant retable, le mus\u00e9e provincial de Laponie, le centre scientifique de la zone arctique \u00e0 Arktikum,\u202fle centre scientifique forestier Pilke ainsi que la maison de la culture Korundi, o\u00f9 se trouvent le mus\u00e9e d\u2019Art moderne de Rovaniemi et une salle de concerts haut de gamme. Rovaniemi est \u00e9galement l\u2019une des villes finlandaises d\u2019Alvar Aalto. Les spectaculaires b\u00e2timents publics con\u00e7us par cet architecte finlandais de renomm\u00e9e mondiale sont inclus dans la visite de la ville de chaque guide de Rovaniemi. Vous pouvez aussi commander nos guides pour une visite au cercle polaire et au village du P\u00e8re No\u00ebl ou pour une visite dans un mus\u00e9e local comme le mus\u00e9e de la for\u00eat de Laponie ou le mus\u00e9e du patrimoine local de Rovaniemi. Les guides touristiques de Rovaniemi op\u00e8rent \u00e9galement \u00e0 Kittil\u00e4 et Levi ainsi que dans le nord de la Norv\u00e8ge. Vous pouvez \u00e9galement vous renseigner sur nos services de guide touristique lorsque vous planifiez des voyages dans les r\u00e9gions septentrionales de Finlande, de Su\u00e8de ou de Norv\u00e8ge.\u202f\u202f\u00a0<\/p>\n\n\n\n<p>Veuillez visiter <a href=\"https:\/\/www.facebook.com\/people\/Rovaniemen-matkailuoppaat-ry\/100065001151612\/\" data-type=\"link\" data-id=\"https:\/\/www.facebook.com\/people\/Rovaniemen-matkailuoppaat-ry\/100065001151612\/\">notre page Facebook<\/a> et <a href=\"mailto:info.rovaniemiguides@gmail.com\">contacter notre association<\/a> de guides pour commander un guide autoris\u00e9.<\/p>\n","protected":false},"excerpt":{"rendered":"<p>Nous vous souhaitons la bienvenue \u00e0 Rovaniemi et en Laponie! Les guides touristiques de Rovaniemi rendront votre voyage autrement sp\u00e9cial et plus int\u00e9ressant. Avec un guide vous d\u00e9couvrirez bien davantage!\u202f&nbsp; L\u2019Association des guides de Rovaniemi propose des guidages pour les voyageurs depuis 1972. Nos guides sont tous licenci\u00e9s et sont experts en mati\u00e8re de culture [&hellip;]<\/p>\n","protected":false},"author":2,"featured_media":0,"parent":0,"menu_order":0,"comment_status":"closed","ping_status":"closed","template":"","meta":{"site-sidebar-layout":"default","site-content-layout":"","ast-site-content-layout":"default","site-content-style":"default","site-sidebar-style":"default","ast-global-header-display":"","ast-banner-title-visibility":"","ast-main-header-display":"","ast-hfb-above-header-display":"","ast-hfb-below-header-display":"","ast-hfb-mobile-header-display":"","site-post-title":"disabled","ast-breadcrumbs-content":"","ast-featured-img":"","footer-sml-layout":"","ast-disable-related-posts":"","theme-transparent-header-meta":"","adv-header-id-meta":"","stick-header-meta":"","header-above-stick-meta":"","header-main-stick-meta":"","header-below-stick-meta":"","astra-migrate-meta-layouts":"","ast-page-background-enabled":"default","ast-page-background-meta":{"desktop":{"background-color":"var(--ast-global-color-4)","background-image":"","background-repeat":"repeat","background-position":"center center","background-size":"auto","background-attachment":"scroll","background-type":"","background-media":"","overlay-type":"","overlay-color":"","overlay-opacity":"","overlay-gradient":""},"tablet":{"background-color":"","background-image":"","background-repeat":"repeat","background-position":"center center","background-size":"auto","background-attachment":"scroll","background-type":"","background-media":"","overlay-type":"","overlay-color":"","overlay-opacity":"","overlay-gradient":""},"mobile":{"background-color":"","background-image":"","background-repeat":"repeat","background-position":"center center","background-size":"auto","background-attachment":"scroll","background-type":"","background-media":"","overlay-type":"","overlay-color":"","overlay-opacity":"","overlay-gradient":""}},"ast-content-background-meta":{"desktop":{"background-color":"var(--ast-global-color-5)","background-image":"","background-repeat":"repeat","background-position":"center center","background-size":"auto","background-attachment":"scroll","background-type":"","background-media":"","overlay-type":"","overlay-color":"","overlay-opacity":"","overlay-gradient":""},"tablet":{"background-color":"var(--ast-global-color-5)","background-image":"","background-repeat":"repeat","background-position":"center center","background-size":"auto","background-attachment":"scroll","background-type":"","background-media":"","overlay-type":"","overlay-color":"","overlay-opacity":"","overlay-gradient":""},"mobile":{"background-color":"var(--ast-global-color-5)","background-image":"","background-repeat":"repeat","background-position":"center center","background-size":"auto","background-attachment":"scroll","background-type":"","background-media":"","overlay-type":"","overlay-color":"","overlay-opacity":"","overlay-gradient":""}},"footnotes":""},"class_list":["post-2","page","type-page","status-publish","hentry"],"_links":{"self":[{"href":"https:\/\/rovaniemiguides.com\/fr\/wp-json\/wp\/v2\/pages\/2","targetHints":{"allow":["GET"]}}],"collection":[{"href":"https:\/\/rovaniemiguides.com\/fr\/wp-json\/wp\/v2\/pages"}],"about":[{"href":"https:\/\/rovaniemiguides.com\/fr\/wp-json\/wp\/v2\/types\/page"}],"author":[{"embeddable":true,"href":"https:\/\/rovaniemiguides.com\/fr\/wp-json\/wp\/v2\/users\/2"}],"replies":[{"embeddable":true,"href":"https:\/\/rovaniemiguides.com\/fr\/wp-json\/wp\/v2\/comments?post=2"}],"version-history":[{"count":15,"href":"https:\/\/rovaniemiguides.com\/fr\/wp-json\/wp\/v2\/pages\/2\/revisions"}],"predecessor-version":[{"id":192,"href":"https:\/\/rovaniemiguides.com\/fr\/wp-json\/wp\/v2\/pages\/2\/revisions\/192"}],"wp:attachment":[{"href":"https:\/\/rovaniemiguides.com\/fr\/wp-json\/wp\/v2\/media?parent=2"}],"curies":[{"name":"wp","href":"https:\/\/api.w.org\/{rel}","templated":true}]}}