{"id":86,"date":"2023-10-10T10:10:21","date_gmt":"2023-10-10T10:10:21","guid":{"rendered":"https:\/\/rovaniemiguides.com\/fr\/?page_id=86"},"modified":"2023-10-10T10:33:06","modified_gmt":"2023-10-10T10:33:06","slug":"politique-de-confidentialite-et-protection-des-donnees","status":"publish","type":"page","link":"https:\/\/rovaniemiguides.com\/fr\/politique-de-confidentialite-et-protection-des-donnees\/","title":{"rendered":"Politique de confidentialit\u00e9 et protection des donn\u00e9es"},"content":{"rendered":"\n<p>Politique de confidentialit\u00e9 et protection des donn\u00e9es\u202f:&nbsp;<\/p>\n\n\n\n<p>Notre site <a rel=\"noreferrer noopener\" href=\"https:\/\/rovaniemiguides.com\/\" target=\"_blank\">www.rovaniemiguides.com<\/a> a \u00e9t\u00e9 derni\u00e8rement\u00a0actualis\u00e9e le 10.10.2023.\u00a0<\/p>\n\n\n\n<p>Notre page web n\u2019utilise pas de cookies et ne recueille pas de donn\u00e9es sur les personnes l\u2019ayant visit\u00e9.&nbsp;<\/p>\n\n\n\n<p>Ce site est entretenu par Frank qui est l\u2019un des guides op\u00e9rants\u00a0\u00e0 Rovaniemi. Si vous d\u00e9sirez lui faire part de r\u00e9actions ou de commentaires concernants notre site <a href=\"mailto:info@afrankidea.com\">veuillez le contacter.\u00a0<\/a><\/p>\n","protected":false},"excerpt":{"rendered":"<p>Politique de confidentialit\u00e9 et protection des donn\u00e9es\u202f:&nbsp; Notre site www.rovaniemiguides.com a \u00e9t\u00e9 derni\u00e8rement\u00a0actualis\u00e9e le 10.10.2023.\u00a0 Notre page web n\u2019utilise pas de cookies et ne recueille pas de donn\u00e9es sur les personnes l\u2019ayant visit\u00e9.&nbsp; Ce site est entretenu par Frank qui est l\u2019un des guides op\u00e9rants\u00a0\u00e0 Rovaniemi. Si vous d\u00e9sirez lui faire part de r\u00e9actions ou [&hellip;]<\/p>\n","protected":false},"author":1,"featured_media":0,"parent":0,"menu_order":0,"comment_status":"closed","ping_status":"closed","template":"","meta":{"site-sidebar-layout":"default","site-content-layout":"","ast-site-content-layout":"default","site-content-style":"default","site-sidebar-style":"default","ast-global-header-display":"","ast-banner-title-visibility":"","ast-main-header-display":"","ast-hfb-above-header-display":"","ast-hfb-below-header-display":"","ast-hfb-mobile-header-display":"","site-post-title":"disabled","ast-breadcrumbs-content":"","ast-featured-img":"","footer-sml-layout":"","ast-disable-related-posts":"","theme-transparent-header-meta":"","adv-header-id-meta":"","stick-header-meta":"","header-above-stick-meta":"","header-main-stick-meta":"","header-below-stick-meta":"","astra-migrate-meta-layouts":"","ast-page-background-enabled":"default","ast-page-background-meta":{"desktop":{"background-color":"var(--ast-global-color-4)","background-image":"","background-repeat":"repeat","background-position":"center center","background-size":"auto","background-attachment":"scroll","background-type":"","background-media":"","overlay-type":"","overlay-color":"","overlay-opacity":"","overlay-gradient":""},"tablet":{"background-color":"","background-image":"","background-repeat":"repeat","background-position":"center center","background-size":"auto","background-attachment":"scroll","background-type":"","background-media":"","overlay-type":"","overlay-color":"","overlay-opacity":"","overlay-gradient":""},"mobile":{"background-color":"","background-image":"","background-repeat":"repeat","background-position":"center center","background-size":"auto","background-attachment":"scroll","background-type":"","background-media":"","overlay-type":"","overlay-color":"","overlay-opacity":"","overlay-gradient":""}},"ast-content-background-meta":{"desktop":{"background-color":"var(--ast-global-color-5)","background-image":"","background-repeat":"repeat","background-position":"center center","background-size":"auto","background-attachment":"scroll","background-type":"","background-media":"","overlay-type":"","overlay-color":"","overlay-opacity":"","overlay-gradient":""},"tablet":{"background-color":"var(--ast-global-color-5)","background-image":"","background-repeat":"repeat","background-position":"center center","background-size":"auto","background-attachment":"scroll","background-type":"","background-media":"","overlay-type":"","overlay-color":"","overlay-opacity":"","overlay-gradient":""},"mobile":{"background-color":"var(--ast-global-color-5)","background-image":"","background-repeat":"repeat","background-position":"center center","background-size":"auto","background-attachment":"scroll","background-type":"","background-media":"","overlay-type":"","overlay-color":"","overlay-opacity":"","overlay-gradient":""}},"footnotes":""},"class_list":["post-86","page","type-page","status-publish","hentry"],"_links":{"self":[{"href":"https:\/\/rovaniemiguides.com\/fr\/wp-json\/wp\/v2\/pages\/86","targetHints":{"allow":["GET"]}}],"collection":[{"href":"https:\/\/rovaniemiguides.com\/fr\/wp-json\/wp\/v2\/pages"}],"about":[{"href":"https:\/\/rovaniemiguides.com\/fr\/wp-json\/wp\/v2\/types\/page"}],"author":[{"embeddable":true,"href":"https:\/\/rovaniemiguides.com\/fr\/wp-json\/wp\/v2\/users\/1"}],"replies":[{"embeddable":true,"href":"https:\/\/rovaniemiguides.com\/fr\/wp-json\/wp\/v2\/comments?post=86"}],"version-history":[{"count":3,"href":"https:\/\/rovaniemiguides.com\/fr\/wp-json\/wp\/v2\/pages\/86\/revisions"}],"predecessor-version":[{"id":110,"href":"https:\/\/rovaniemiguides.com\/fr\/wp-json\/wp\/v2\/pages\/86\/revisions\/110"}],"wp:attachment":[{"href":"https:\/\/rovaniemiguides.com\/fr\/wp-json\/wp\/v2\/media?parent=86"}],"curies":[{"name":"wp","href":"https:\/\/api.w.org\/{rel}","templated":true}]}}