{"id":72,"date":"2023-09-28T15:45:52","date_gmt":"2023-09-28T15:45:52","guid":{"rendered":"https:\/\/rovaniemiguides.com\/nl\/?page_id=72"},"modified":"2023-10-26T18:58:11","modified_gmt":"2023-10-26T18:58:11","slug":"landing-page-nl","status":"publish","type":"page","link":"https:\/\/rovaniemiguides.com\/nl\/","title":{"rendered":"basispagina"},"content":{"rendered":"\n<figure class=\"wp-block-image aligncenter size-large is-resized\"><img loading=\"lazy\" decoding=\"async\" width=\"768\" height=\"1024\" src=\"https:\/\/rovaniemiguides.com\/nl\/wp-content\/uploads\/sites\/2\/2023\/10\/Alvar-Aalto-Rovaniemi-Lapland-Arctic-Light-Lapland-Culture-Tours-768x1024.jpg\" alt=\"\" class=\"wp-image-205\" style=\"aspect-ratio:0.75;width:298px;height:auto\" srcset=\"https:\/\/rovaniemiguides.com\/nl\/wp-content\/uploads\/sites\/2\/2023\/10\/Alvar-Aalto-Rovaniemi-Lapland-Arctic-Light-Lapland-Culture-Tours-768x1024.jpg 768w, https:\/\/rovaniemiguides.com\/nl\/wp-content\/uploads\/sites\/2\/2023\/10\/Alvar-Aalto-Rovaniemi-Lapland-Arctic-Light-Lapland-Culture-Tours-225x300.jpg 225w, https:\/\/rovaniemiguides.com\/nl\/wp-content\/uploads\/sites\/2\/2023\/10\/Alvar-Aalto-Rovaniemi-Lapland-Arctic-Light-Lapland-Culture-Tours-1152x1536.jpg 1152w, https:\/\/rovaniemiguides.com\/nl\/wp-content\/uploads\/sites\/2\/2023\/10\/Alvar-Aalto-Rovaniemi-Lapland-Arctic-Light-Lapland-Culture-Tours-1536x2048.jpg 1536w, https:\/\/rovaniemiguides.com\/nl\/wp-content\/uploads\/sites\/2\/2023\/10\/Alvar-Aalto-Rovaniemi-Lapland-Arctic-Light-Lapland-Culture-Tours-scaled.jpg 1920w\" sizes=\"auto, (max-width: 768px) 100vw, 768px\" \/><\/figure>\n\n\n\n<p><\/p>\n\n\n\n<p>Hallo,<\/p>\n\n\n\n<p>bedankt voor uw bezoek aan de website van de gidsenvereniging van Rovaniemi. Rovaniemi is centraal gelegen in Fins Lapland, waar de Kemi en Ounas rivieren samenkomen.<\/p>\n\n\n\n<p>Onze gidsenvereniging bestaat sinds 1972, en onze gecertificeerde gidsen zijn experts op het gebied van lokale geschiedenis, erfgoed en cultuur. Wij organiseren stadswandelingen en rondleidingen in Rovaniemi en Fins Lapland. Rovaniemi, als hoofdstad van Fins Lapland, heeft een aantal toonaangevende musea, zoals het Arktikum, een museum over de cultuur en geschiedenis van Lapland alsmede een wetenschappelijke tentoonstelling over het Arctisch gebied, Korundi, de thuisbasis van het kamerorkest van Fins Lapland en het museum voor hedendaagse kunst, en Pilke, een wetenschapscentrum van de Finse Staatsbosbeheer. Het stadhuis, de bibliotheek en het theater van Rovaniemi zijn indrukwekkende gebouwen ontworpen door de bekende en toonaangevende Finse architect Alvar Aalto.<\/p>\n\n\n\n<p>In de zomer is het bezoek aan het lokale geschiedenis museum, aan de oever van de Kemijoki rivier, alsmede het bosbouwmuseum, in P\u00f6ykk\u00e4l\u00e4 de moeite waard.<\/p>\n\n\n\n<p>Een rondleiding van onze gecertificeerde gidsen is een leuke, interessante en leerzame ervaring waardoor u Rovaniemi en Lapland anders zult zien!<\/p>\n\n\n\n<p>Onze vereniging vertegenwoordigt ook de gidsen die werkzaam zijn in Kittil\u00e4 en Levi.<\/p>\n\n\n\n<p>Dit is <a href=\"https:\/\/www.facebook.com\/Rovaniemen-matkailuoppaat-ry-347592235445885\/\">onze Facebookpagina<\/a>.<\/p>\n\n\n\n<p>U kunt <a href=\"mailto:info.rovaniemiguides@gmail.com\" data-type=\"mailto\" data-id=\"mailto:info.rovaniemiguides@gmail.com\">hier<\/a> een lokale gids reserveren. Er is een Nederlandse gids beschikbaar. <\/p>\n\n\n\n<p><\/p>\n","protected":false},"excerpt":{"rendered":"<p>Hallo, bedankt voor uw bezoek aan de website van de gidsenvereniging van Rovaniemi. Rovaniemi is centraal gelegen in Fins Lapland, waar de Kemi en Ounas rivieren samenkomen. Onze gidsenvereniging bestaat sinds 1972, en onze gecertificeerde gidsen zijn experts op het gebied van lokale geschiedenis, erfgoed en cultuur. Wij organiseren stadswandelingen en rondleidingen in Rovaniemi en [&hellip;]<\/p>\n","protected":false},"author":1,"featured_media":0,"parent":0,"menu_order":0,"comment_status":"closed","ping_status":"closed","template":"","meta":{"site-sidebar-layout":"default","site-content-layout":"","ast-site-content-layout":"default","site-content-style":"default","site-sidebar-style":"default","ast-global-header-display":"","ast-banner-title-visibility":"","ast-main-header-display":"","ast-hfb-above-header-display":"","ast-hfb-below-header-display":"","ast-hfb-mobile-header-display":"","site-post-title":"","ast-breadcrumbs-content":"","ast-featured-img":"","footer-sml-layout":"","ast-disable-related-posts":"","theme-transparent-header-meta":"","adv-header-id-meta":"","stick-header-meta":"","header-above-stick-meta":"","header-main-stick-meta":"","header-below-stick-meta":"","astra-migrate-meta-layouts":"default","ast-page-background-enabled":"default","ast-page-background-meta":{"desktop":{"background-color":"var(--ast-global-color-4)","background-image":"","background-repeat":"repeat","background-position":"center center","background-size":"auto","background-attachment":"scroll","background-type":"","background-media":"","overlay-type":"","overlay-color":"","overlay-opacity":"","overlay-gradient":""},"tablet":{"background-color":"","background-image":"","background-repeat":"repeat","background-position":"center center","background-size":"auto","background-attachment":"scroll","background-type":"","background-media":"","overlay-type":"","overlay-color":"","overlay-opacity":"","overlay-gradient":""},"mobile":{"background-color":"","background-image":"","background-repeat":"repeat","background-position":"center center","background-size":"auto","background-attachment":"scroll","background-type":"","background-media":"","overlay-type":"","overlay-color":"","overlay-opacity":"","overlay-gradient":""}},"ast-content-background-meta":{"desktop":{"background-color":"var(--ast-global-color-5)","background-image":"","background-repeat":"repeat","background-position":"center center","background-size":"auto","background-attachment":"scroll","background-type":"","background-media":"","overlay-type":"","overlay-color":"","overlay-opacity":"","overlay-gradient":""},"tablet":{"background-color":"var(--ast-global-color-5)","background-image":"","background-repeat":"repeat","background-position":"center center","background-size":"auto","background-attachment":"scroll","background-type":"","background-media":"","overlay-type":"","overlay-color":"","overlay-opacity":"","overlay-gradient":""},"mobile":{"background-color":"var(--ast-global-color-5)","background-image":"","background-repeat":"repeat","background-position":"center center","background-size":"auto","background-attachment":"scroll","background-type":"","background-media":"","overlay-type":"","overlay-color":"","overlay-opacity":"","overlay-gradient":""}},"footnotes":""},"class_list":["post-72","page","type-page","status-publish","hentry"],"_links":{"self":[{"href":"https:\/\/rovaniemiguides.com\/nl\/wp-json\/wp\/v2\/pages\/72","targetHints":{"allow":["GET"]}}],"collection":[{"href":"https:\/\/rovaniemiguides.com\/nl\/wp-json\/wp\/v2\/pages"}],"about":[{"href":"https:\/\/rovaniemiguides.com\/nl\/wp-json\/wp\/v2\/types\/page"}],"author":[{"embeddable":true,"href":"https:\/\/rovaniemiguides.com\/nl\/wp-json\/wp\/v2\/users\/1"}],"replies":[{"embeddable":true,"href":"https:\/\/rovaniemiguides.com\/nl\/wp-json\/wp\/v2\/comments?post=72"}],"version-history":[{"count":8,"href":"https:\/\/rovaniemiguides.com\/nl\/wp-json\/wp\/v2\/pages\/72\/revisions"}],"predecessor-version":[{"id":227,"href":"https:\/\/rovaniemiguides.com\/nl\/wp-json\/wp\/v2\/pages\/72\/revisions\/227"}],"wp:attachment":[{"href":"https:\/\/rovaniemiguides.com\/nl\/wp-json\/wp\/v2\/media?parent=72"}],"curies":[{"name":"wp","href":"https:\/\/api.w.org\/{rel}","templated":true}]}}