{"id":111,"date":"2023-10-17T14:28:10","date_gmt":"2023-10-17T14:28:10","guid":{"rendered":"https:\/\/rovaniemiguides.com\/se\/?page_id=111"},"modified":"2023-10-26T18:52:50","modified_gmt":"2023-10-26T18:52:50","slug":"svensk-landningssida","status":"publish","type":"page","link":"https:\/\/rovaniemiguides.com\/se\/","title":{"rendered":"svensk landningssida"},"content":{"rendered":"\n<figure class=\"wp-block-image aligncenter size-full is-resized\"><img loading=\"lazy\" decoding=\"async\" width=\"720\" height=\"960\" src=\"https:\/\/rovaniemiguides.com\/se\/wp-content\/uploads\/sites\/7\/2023\/10\/Kaija-at-Homestead-Museum-Rovaniemi-Lapland-Finland.jpg\" alt=\"\" class=\"wp-image-171\" style=\"width:400px\" srcset=\"https:\/\/rovaniemiguides.com\/se\/wp-content\/uploads\/sites\/7\/2023\/10\/Kaija-at-Homestead-Museum-Rovaniemi-Lapland-Finland.jpg 720w, https:\/\/rovaniemiguides.com\/se\/wp-content\/uploads\/sites\/7\/2023\/10\/Kaija-at-Homestead-Museum-Rovaniemi-Lapland-Finland-225x300.jpg 225w\" sizes=\"auto, (max-width: 720px) 100vw, 720px\" \/><\/figure>\n\n\n\n<p>Rovaniemi guidef\u00f6reningen har erbjudit guidningar till turister redan fr.o.m. \u00e5r 1972. V\u00e5ra auktoriserade guider \u00e4r specialister p\u00e5 den lokala kulturen, historien, traditioner och de kulturella sev\u00e4rdheterna.V\u00e5ra guider erbjuder guidade bussturer runt i och utanf\u00f6r Rovaniemi och ber\u00e4ttar om omr\u00e5det, om staden och dess historia och om den nutida utvecklingen.<\/p>\n\n\n\n<p>De sev\u00e4rdheter som vi tycker om att visa till turister \u00e4r Rovaniemi kyrka med den imponerande altarfreskon och museet Arktikum tillsammans med den arktiska vetenskapscentern. Andra intressanta st\u00e4llen v\u00e4rd att se i Rovaniemi \u00e4r ocks\u00e5 vetenskapscentern Pilke och kulturhuset Korundi. Korundi best\u00e5r av ett konstmuseum och ett konserthus. Vi visar g\u00e4rna ocks\u00e5 runt de arkitektoniska enheter och byggnader som \u00e4r skapade av den v\u00e4rldsber\u00f6mda arkitekten Alvar Aalto h\u00e4r i Rovaniemi. Fr\u00e5ga ocks\u00e5 g\u00e4rna v\u00e5ra guider att f\u00f6lja med till Polcirkeln och Jultomtens by.<\/p>\n\n\n\n<p>Under sommartiden erbjuder vi guidade turer till Lapplands skogsmuseet h\u00e4r i Rovaniemi samt hembygdsmuseet. Det sistn\u00e4mnda \u00e4r k\u00e4nd f\u00f6r den fina utsikten och sitt fina l\u00e4ge vid \u00e5n Kemijoki.<\/p>\n\n\n\n<p>V\u00e5ra Rovaniemi guider \u00e4r ocks\u00e5 beredda att guida er i Kittil\u00e4 &amp; Levi. De kan jobba som turledare i norra Finland, Sverige och Norge.<\/p>\n\n\n\n<p>Vi ser fram emot att v\u00e4lkomna er till v\u00e5r vackra stad! V\u00e5ra guider \u00e4r beredda att g\u00f6ra er vistelse i Rovaniemi special, intressant och framst\u00e5ende. Kom och upplev de unika sidorna av Rovaniemi, Lappland och Finland!<\/p>\n\n\n\n<p><strong>H\u00e4r hittar du <a href=\"https:\/\/www.facebook.com\/people\/Rovaniemen-matkailuoppaat-ry\/100065001151612\/\">oss p\u00e5 Facebook<\/a><\/strong><\/p>\n\n\n\n<p>V\u00e4nligen <a href=\"https:\/\/rovaniemiguides.com\/se\/kontakta-oss\/\">kontakta v\u00e5r f\u00f6rening f\u00f6r att boka en auktoriserad guide.<\/a><\/p>\n","protected":false},"excerpt":{"rendered":"<p>Rovaniemi guidef\u00f6reningen har erbjudit guidningar till turister redan fr.o.m. \u00e5r 1972. V\u00e5ra auktoriserade guider \u00e4r specialister p\u00e5 den lokala kulturen, historien, traditioner och de kulturella sev\u00e4rdheterna.V\u00e5ra guider erbjuder guidade bussturer runt i och utanf\u00f6r Rovaniemi och ber\u00e4ttar om omr\u00e5det, om staden och dess historia och om den nutida utvecklingen. De sev\u00e4rdheter som vi tycker om [&hellip;]<\/p>\n","protected":false},"author":1,"featured_media":0,"parent":0,"menu_order":0,"comment_status":"closed","ping_status":"closed","template":"","meta":{"site-sidebar-layout":"default","site-content-layout":"","ast-site-content-layout":"default","site-content-style":"default","site-sidebar-style":"default","ast-global-header-display":"","ast-banner-title-visibility":"","ast-main-header-display":"","ast-hfb-above-header-display":"","ast-hfb-below-header-display":"","ast-hfb-mobile-header-display":"","site-post-title":"disabled","ast-breadcrumbs-content":"","ast-featured-img":"","footer-sml-layout":"","ast-disable-related-posts":"","theme-transparent-header-meta":"","adv-header-id-meta":"","stick-header-meta":"","header-above-stick-meta":"","header-main-stick-meta":"","header-below-stick-meta":"","astra-migrate-meta-layouts":"","ast-page-background-enabled":"default","ast-page-background-meta":{"desktop":{"background-color":"var(--ast-global-color-4)","background-image":"","background-repeat":"repeat","background-position":"center center","background-size":"auto","background-attachment":"scroll","background-type":"","background-media":"","overlay-type":"","overlay-color":"","overlay-opacity":"","overlay-gradient":""},"tablet":{"background-color":"","background-image":"","background-repeat":"repeat","background-position":"center center","background-size":"auto","background-attachment":"scroll","background-type":"","background-media":"","overlay-type":"","overlay-color":"","overlay-opacity":"","overlay-gradient":""},"mobile":{"background-color":"","background-image":"","background-repeat":"repeat","background-position":"center center","background-size":"auto","background-attachment":"scroll","background-type":"","background-media":"","overlay-type":"","overlay-color":"","overlay-opacity":"","overlay-gradient":""}},"ast-content-background-meta":{"desktop":{"background-color":"var(--ast-global-color-5)","background-image":"","background-repeat":"repeat","background-position":"center center","background-size":"auto","background-attachment":"scroll","background-type":"","background-media":"","overlay-type":"","overlay-color":"","overlay-opacity":"","overlay-gradient":""},"tablet":{"background-color":"var(--ast-global-color-5)","background-image":"","background-repeat":"repeat","background-position":"center center","background-size":"auto","background-attachment":"scroll","background-type":"","background-media":"","overlay-type":"","overlay-color":"","overlay-opacity":"","overlay-gradient":""},"mobile":{"background-color":"var(--ast-global-color-5)","background-image":"","background-repeat":"repeat","background-position":"center center","background-size":"auto","background-attachment":"scroll","background-type":"","background-media":"","overlay-type":"","overlay-color":"","overlay-opacity":"","overlay-gradient":""}},"footnotes":""},"class_list":["post-111","page","type-page","status-publish","hentry"],"_links":{"self":[{"href":"https:\/\/rovaniemiguides.com\/se\/wp-json\/wp\/v2\/pages\/111","targetHints":{"allow":["GET"]}}],"collection":[{"href":"https:\/\/rovaniemiguides.com\/se\/wp-json\/wp\/v2\/pages"}],"about":[{"href":"https:\/\/rovaniemiguides.com\/se\/wp-json\/wp\/v2\/types\/page"}],"author":[{"embeddable":true,"href":"https:\/\/rovaniemiguides.com\/se\/wp-json\/wp\/v2\/users\/1"}],"replies":[{"embeddable":true,"href":"https:\/\/rovaniemiguides.com\/se\/wp-json\/wp\/v2\/comments?post=111"}],"version-history":[{"count":7,"href":"https:\/\/rovaniemiguides.com\/se\/wp-json\/wp\/v2\/pages\/111\/revisions"}],"predecessor-version":[{"id":184,"href":"https:\/\/rovaniemiguides.com\/se\/wp-json\/wp\/v2\/pages\/111\/revisions\/184"}],"wp:attachment":[{"href":"https:\/\/rovaniemiguides.com\/se\/wp-json\/wp\/v2\/media?parent=111"}],"curies":[{"name":"wp","href":"https:\/\/api.w.org\/{rel}","templated":true}]}}