{"id":95,"date":"2023-10-17T14:20:17","date_gmt":"2023-10-17T14:20:17","guid":{"rendered":"https:\/\/rovaniemiguides.com\/se\/?page_id=95"},"modified":"2023-10-17T14:43:17","modified_gmt":"2023-10-17T14:43:17","slug":"hinderlos-turism","status":"publish","type":"page","link":"https:\/\/rovaniemiguides.com\/se\/hinderlos-turism\/","title":{"rendered":"hinderl\u00f6s turism"},"content":{"rendered":"\n<p>Hinderl\u00f6s turism \u00e4r viktigt f\u00f6r Rovaniemi guidef\u00f6reningen. V\u00e5ra guider \u00e4r \u00f6ppenhj\u00e4rtiga, t\u00e5lmodiga och respekterar sina klienter.<\/p>\n\n\n\n<p>V\u00e4nligen <a href=\"https:\/\/rovaniemiguides.com\/se\/kontakta-oss\/\">kontakta oss<\/a> i god tid s\u00e5 att vi kan f\u00f6rbereda er en lyckad guidning.<\/p>\n","protected":false},"excerpt":{"rendered":"<p>Hinderl\u00f6s turism \u00e4r viktigt f\u00f6r Rovaniemi guidef\u00f6reningen. V\u00e5ra guider \u00e4r \u00f6ppenhj\u00e4rtiga, t\u00e5lmodiga och respekterar sina klienter. V\u00e4nligen kontakta oss i god tid s\u00e5 att vi kan f\u00f6rbereda er en lyckad guidning.<\/p>\n","protected":false},"author":1,"featured_media":0,"parent":0,"menu_order":0,"comment_status":"closed","ping_status":"closed","template":"","meta":{"site-sidebar-layout":"default","site-content-layout":"","ast-site-content-layout":"default","site-content-style":"default","site-sidebar-style":"default","ast-global-header-display":"","ast-banner-title-visibility":"","ast-main-header-display":"","ast-hfb-above-header-display":"","ast-hfb-below-header-display":"","ast-hfb-mobile-header-display":"","site-post-title":"disabled","ast-breadcrumbs-content":"","ast-featured-img":"","footer-sml-layout":"","ast-disable-related-posts":"","theme-transparent-header-meta":"","adv-header-id-meta":"","stick-header-meta":"","header-above-stick-meta":"","header-main-stick-meta":"","header-below-stick-meta":"","astra-migrate-meta-layouts":"","ast-page-background-enabled":"default","ast-page-background-meta":{"desktop":{"background-color":"var(--ast-global-color-4)","background-image":"","background-repeat":"repeat","background-position":"center center","background-size":"auto","background-attachment":"scroll","background-type":"","background-media":"","overlay-type":"","overlay-color":"","overlay-opacity":"","overlay-gradient":""},"tablet":{"background-color":"","background-image":"","background-repeat":"repeat","background-position":"center center","background-size":"auto","background-attachment":"scroll","background-type":"","background-media":"","overlay-type":"","overlay-color":"","overlay-opacity":"","overlay-gradient":""},"mobile":{"background-color":"","background-image":"","background-repeat":"repeat","background-position":"center center","background-size":"auto","background-attachment":"scroll","background-type":"","background-media":"","overlay-type":"","overlay-color":"","overlay-opacity":"","overlay-gradient":""}},"ast-content-background-meta":{"desktop":{"background-color":"var(--ast-global-color-5)","background-image":"","background-repeat":"repeat","background-position":"center center","background-size":"auto","background-attachment":"scroll","background-type":"","background-media":"","overlay-type":"","overlay-color":"","overlay-opacity":"","overlay-gradient":""},"tablet":{"background-color":"var(--ast-global-color-5)","background-image":"","background-repeat":"repeat","background-position":"center center","background-size":"auto","background-attachment":"scroll","background-type":"","background-media":"","overlay-type":"","overlay-color":"","overlay-opacity":"","overlay-gradient":""},"mobile":{"background-color":"var(--ast-global-color-5)","background-image":"","background-repeat":"repeat","background-position":"center center","background-size":"auto","background-attachment":"scroll","background-type":"","background-media":"","overlay-type":"","overlay-color":"","overlay-opacity":"","overlay-gradient":""}},"footnotes":""},"class_list":["post-95","page","type-page","status-publish","hentry"],"_links":{"self":[{"href":"https:\/\/rovaniemiguides.com\/se\/wp-json\/wp\/v2\/pages\/95","targetHints":{"allow":["GET"]}}],"collection":[{"href":"https:\/\/rovaniemiguides.com\/se\/wp-json\/wp\/v2\/pages"}],"about":[{"href":"https:\/\/rovaniemiguides.com\/se\/wp-json\/wp\/v2\/types\/page"}],"author":[{"embeddable":true,"href":"https:\/\/rovaniemiguides.com\/se\/wp-json\/wp\/v2\/users\/1"}],"replies":[{"embeddable":true,"href":"https:\/\/rovaniemiguides.com\/se\/wp-json\/wp\/v2\/comments?post=95"}],"version-history":[{"count":4,"href":"https:\/\/rovaniemiguides.com\/se\/wp-json\/wp\/v2\/pages\/95\/revisions"}],"predecessor-version":[{"id":128,"href":"https:\/\/rovaniemiguides.com\/se\/wp-json\/wp\/v2\/pages\/95\/revisions\/128"}],"wp:attachment":[{"href":"https:\/\/rovaniemiguides.com\/se\/wp-json\/wp\/v2\/media?parent=95"}],"curies":[{"name":"wp","href":"https:\/\/api.w.org\/{rel}","templated":true}]}}